{"id":30,"date":"2024-04-08T17:40:58","date_gmt":"2024-04-08T17:40:58","guid":{"rendered":"https:\/\/bogenparcours-kleinwallstadt.de\/?page_id=30"},"modified":"2026-05-05T05:21:06","modified_gmt":"2026-05-05T05:21:06","slug":"30-2","status":"publish","type":"page","link":"https:\/\/bogenparcours-kleinwallstadt.de\/","title":{"rendered":"Start"},"content":{"rendered":"\n<div class=\"wp-block-columns is-layout-flex wp-container-core-columns-is-layout-28f84493 wp-block-columns-is-layout-flex\">\n<div class=\"wp-block-column is-layout-flow wp-block-column-is-layout-flow\">\n<div class=\"wp-block-group is-layout-constrained wp-block-group-is-layout-constrained\">\n<figure class=\"wp-block-image alignfull size-full\"><img loading=\"lazy\" decoding=\"async\" width=\"800\" height=\"318\" src=\"https:\/\/bogenparcours-kleinwallstadt.de\/wp-content\/uploads\/2024\/04\/IMG_k2919-001.jpg\" alt=\"\" class=\"wp-image-121\" srcset=\"https:\/\/bogenparcours-kleinwallstadt.de\/wp-content\/uploads\/2024\/04\/IMG_k2919-001.jpg 800w, https:\/\/bogenparcours-kleinwallstadt.de\/wp-content\/uploads\/2024\/04\/IMG_k2919-001-300x119.jpg 300w, https:\/\/bogenparcours-kleinwallstadt.de\/wp-content\/uploads\/2024\/04\/IMG_k2919-001-768x305.jpg 768w\" sizes=\"auto, (max-width: 800px) 100vw, 800px\" \/><\/figure>\n<\/div>\n<\/div>\n<\/div>\n\n\n\n<p class=\"has-text-align-center has-luminous-vivid-orange-background-color has-background has-large-font-size\"><strong><mark style=\"background-color:rgba(0, 0, 0, 0);color:#000000\" class=\"has-inline-color\">Freie Pl\u00e4tze <\/mark>f\u00fcr Schnupperkurs am <\/strong>14+17+31.05. \/ 27.06. \/ 11+24.07. \/ 15.08. \ud83d\ude09<\/p>\n\n\n\n<p><\/p>\n\n\n\n<p><\/p>\n\n\n\n<p><\/p>\n\n\n\n<p><\/p>\n\n\n\n<p><\/p>\n\n\n\n<p><\/p>\n\n\n\n<p><\/p>\n\n\n\n<p class=\"has-x-large-font-size\"><u>Herzlich willkommen!<\/u><\/p>\n\n\n\n<p class=\"has-large-font-size\"><strong>3D Bogenschie\u00dfen &nbsp;<em>\u201eam alten Schloss<\/em>\u201c<\/strong><\/p>\n\n\n\n<p>Erlebt ein unvergessliches Abenteuer f\u00fcr Jung und Alt, ob als Familie, mit Freunden, Vereinsmitgliedern oder Kollegen! <\/p>\n\n\n\n<p>Lasst euch von der malerischen Landschaft des Spessarts verzaubern, w\u00e4hrend ihr meinen einzigartigen Bogenparcours durchquert und die Ruine einer alten Burg erkundet &#8211; ein Hauch Kultur inklusive.<\/p>\n\n\n\n<p>Anf\u00e4nger und Profis werden gleicherma\u00dfen auf ihre Kosten kommen, dank meines vielf\u00e4ltigen Angebots. Auch Neulinge k\u00f6nnen bei mir ein sicheres und spannendes Bogenschie\u00df-Erlebnis genie\u00dfen, selbst wenn sie keine eigene Ausr\u00fcstung besitzen &#8211; diese k\u00f6nnen sie bei mir nach Absprache und Voranmeldung ausleihen.<\/p>\n\n\n\n<p>Kommt vorbei und erlebt gemeinsam mit mir das besondere Gef\u00fchl beim Bogenschie\u00dfen am alten Schloss! <\/p>\n\n\n\n<p class=\"has-medium-font-size\">Ich freue mich darauf, euch zu begr\u00fc\u00dfen!<\/p>\n\n\n\n<p>Holger Krau\u00df<\/p>\n\n\n\n<p><\/p>\n","protected":false},"excerpt":{"rendered":"<p>Freie Pl\u00e4tze f\u00fcr Schnupperkurs am 14+17+31.05. \/ 27.06. \/ 11+24.07. \/ 15.08. \ud83d\ude09 Herzlich willkommen! 3D Bogenschie\u00dfen &nbsp;\u201eam alten Schloss\u201c Erlebt ein unvergessliches Abenteuer f\u00fcr Jung und Alt, ob als Familie, mit Freunden, Vereinsmitgliedern oder Kollegen! Lasst euch von der malerischen Landschaft des Spessarts verzaubern, w\u00e4hrend ihr meinen einzigartigen Bogenparcours durchquert und die Ruine einer [&hellip;]<\/p>\n","protected":false},"author":1,"featured_media":0,"parent":0,"menu_order":0,"comment_status":"closed","ping_status":"closed","template":"","meta":{"footnotes":""},"class_list":["post-30","page","type-page","status-publish","hentry"],"blocksy_meta":[],"_links":{"self":[{"href":"https:\/\/bogenparcours-kleinwallstadt.de\/index.php?rest_route=\/wp\/v2\/pages\/30","targetHints":{"allow":["GET"]}}],"collection":[{"href":"https:\/\/bogenparcours-kleinwallstadt.de\/index.php?rest_route=\/wp\/v2\/pages"}],"about":[{"href":"https:\/\/bogenparcours-kleinwallstadt.de\/index.php?rest_route=\/wp\/v2\/types\/page"}],"author":[{"embeddable":true,"href":"https:\/\/bogenparcours-kleinwallstadt.de\/index.php?rest_route=\/wp\/v2\/users\/1"}],"replies":[{"embeddable":true,"href":"https:\/\/bogenparcours-kleinwallstadt.de\/index.php?rest_route=%2Fwp%2Fv2%2Fcomments&post=30"}],"version-history":[{"count":64,"href":"https:\/\/bogenparcours-kleinwallstadt.de\/index.php?rest_route=\/wp\/v2\/pages\/30\/revisions"}],"predecessor-version":[{"id":1238,"href":"https:\/\/bogenparcours-kleinwallstadt.de\/index.php?rest_route=\/wp\/v2\/pages\/30\/revisions\/1238"}],"wp:attachment":[{"href":"https:\/\/bogenparcours-kleinwallstadt.de\/index.php?rest_route=%2Fwp%2Fv2%2Fmedia&parent=30"}],"curies":[{"name":"wp","href":"https:\/\/api.w.org\/{rel}","templated":true}]}}