{"id":31,"date":"2024-04-08T18:04:04","date_gmt":"2024-04-08T18:04:04","guid":{"rendered":"https:\/\/bogenparcours-kleinwallstadt.de\/?page_id=31"},"modified":"2025-01-31T07:29:44","modified_gmt":"2025-01-31T07:29:44","slug":"parcours","status":"publish","type":"page","link":"https:\/\/bogenparcours-kleinwallstadt.de\/?page_id=31","title":{"rendered":"Parcours"},"content":{"rendered":"\n<p class=\"has-medium-font-size\"><strong>Willkommen auf dem 3D Bogenparcours &#8222;am Alten Schloss&#8220;!<\/strong><\/p>\n\n\n\n<div class=\"wp-block-columns is-layout-flex wp-container-core-columns-is-layout-28f84493 wp-block-columns-is-layout-flex\">\n<div class=\"wp-block-column is-layout-flow wp-block-column-is-layout-flow\">\n<p>Tauche ein in ein Abenteuer der besonderen Art &#8211; mitten im idyllischen Kleinwallstadt erwartet dich ein einzigartiger Bogenparcours auf einer <strong>13 Hektar<\/strong> gro\u00dfen Fl\u00e4che voller Mischwald. Auf einem <strong>ca. 3 km langen Rundweg<\/strong> durchstreifst du naturbelassene Pfade voller Abenteuer, vorbei an geheimnisvollen Schluchten und der Ruine des Volksmundes &#8222;alten Schlosses&#8220;.<strong> Festes Schuhwerk und etwas Kondition<\/strong> sind hier von Vorteil, aber die beeindruckende Landschaft entsch\u00e4digt f\u00fcr jede Anstrengung. Entlang des Weges laden B\u00e4nke zum Verweilen ein und sorgen f\u00fcr eine kleine Verschnaufpause.<\/p>\n\n\n\n<p>Freue dich auf insgesamt<strong> 30 Stationen mit \u00fcber 100 3D Zielen<\/strong>, darunter auch <strong>besondere Herausforderungen wie der legend\u00e4re &#8222;Rattenpflock&#8220;<\/strong>. An  jeder zweiten Station erwartet dich dieser knifflige Sonderschuss, der selbst erfahrenen Sch\u00fctzen alles abverlangt. Ein H\u00f6henunterschied von insgesamt 60 Metern bietet spannende Sch\u00fcsse \u00fcber Gr\u00e4ben und Schluchten, w\u00e4hrend an den Abschussstellen verschiedene Pfl\u00f6cke auf unterschiedliche Schwierigkeitsgrade hinweisen.&nbsp;<\/p>\n<\/div>\n\n\n\n<div class=\"wp-block-column is-layout-flow wp-block-column-is-layout-flow\">\n<figure class=\"wp-block-image size-full\"><img loading=\"lazy\" decoding=\"async\" width=\"842\" height=\"596\" src=\"https:\/\/bogenparcours-kleinwallstadt.de\/wp-content\/uploads\/2024\/06\/Karte-Bogenparcours_Kleinwallstadt_opt.png\" alt=\"\" class=\"wp-image-294\" srcset=\"https:\/\/bogenparcours-kleinwallstadt.de\/wp-content\/uploads\/2024\/06\/Karte-Bogenparcours_Kleinwallstadt_opt.png 842w, https:\/\/bogenparcours-kleinwallstadt.de\/wp-content\/uploads\/2024\/06\/Karte-Bogenparcours_Kleinwallstadt_opt-300x212.png 300w, https:\/\/bogenparcours-kleinwallstadt.de\/wp-content\/uploads\/2024\/06\/Karte-Bogenparcours_Kleinwallstadt_opt-768x544.png 768w\" sizes=\"auto, (max-width: 842px) 100vw, 842px\" \/><\/figure>\n<\/div>\n<\/div>\n\n\n\n<p><\/p>\n\n\n\n<p>Alle Bogenarten sind willkommen, andere Sportger\u00e4te wie Armbr\u00fcste oder Blasrohre sind nicht zugelassen. <\/p>\n\n\n\n<p>Dein treuer Vierbeiner darf dich gerne an der Leine begleiten, um gemeinsam das Abenteuer zu erleben.<\/p>\n\n\n\n<p>Der <strong>Aufenthalt<\/strong> auf dem Parcours dauert in der Regel<strong> 2-5 Stunden<\/strong>, also <strong>packe<\/strong> ausreichend zu <strong>Essen und Trinken ein,<\/strong> passend zur Witterung gekleidet bist du bereit f\u00fcr ein unvergessliches Bogenschie\u00df-Erlebnis.&nbsp;<\/p>\n\n\n\n<p>Die<strong> Anmeldung<\/strong> erfolgt<strong> vor Ort am Bauwagen<\/strong> in Eigenregie &#8211; alle Informationen findest du im Stehpult unter dem Vordach. Die Nutzung des Parcours erfolgt auf Vertrauensbasis, die entsprechende <strong>Nutzungsgeb\u00fchr bitte passend entrichten<\/strong> und vor dem Start in die &#8222;Kasse&#8220; einwerfen.<\/p>\n\n\n\n<p>Entdecke das Abenteuer, sp\u00fcre die Jagdinstinkte in dir aufleben und genie\u00dfe die einzigartige Atmosph\u00e4re des 3D Bogenparcours &#8222;am Alten Schloss&#8220;!<\/p>\n\n\n\n<p>PS. F\u00fcr Wohnmobilbesitzer haben wir sogar einen Wohnmobilstellplatz am Main &#8211; perfekt f\u00fcr eine entspannte \u00dcbernachtung nach einem actiongeladenen Tag auf dem Parcours!<\/p>\n\n\n\n<figure class=\"wp-block-gallery has-nested-images columns-default is-cropped wp-block-gallery-1 is-layout-flex wp-block-gallery-is-layout-flex\">\n<figure class=\"wp-block-image size-large\"><img loading=\"lazy\" decoding=\"async\" width=\"450\" height=\"800\" data-id=\"242\" src=\"https:\/\/bogenparcours-kleinwallstadt.de\/wp-content\/uploads\/2024\/05\/IMG-20240427-WA0010.jpg\" alt=\"\" class=\"wp-image-242\" srcset=\"https:\/\/bogenparcours-kleinwallstadt.de\/wp-content\/uploads\/2024\/05\/IMG-20240427-WA0010.jpg 450w, https:\/\/bogenparcours-kleinwallstadt.de\/wp-content\/uploads\/2024\/05\/IMG-20240427-WA0010-169x300.jpg 169w\" sizes=\"auto, (max-width: 450px) 100vw, 450px\" \/><\/figure>\n\n\n\n<figure class=\"wp-block-image size-large\"><img loading=\"lazy\" decoding=\"async\" width=\"800\" height=\"600\" data-id=\"244\" src=\"https:\/\/bogenparcours-kleinwallstadt.de\/wp-content\/uploads\/2024\/05\/IMG-20240426-WA0020.jpg\" alt=\"\" class=\"wp-image-244\" srcset=\"https:\/\/bogenparcours-kleinwallstadt.de\/wp-content\/uploads\/2024\/05\/IMG-20240426-WA0020.jpg 800w, https:\/\/bogenparcours-kleinwallstadt.de\/wp-content\/uploads\/2024\/05\/IMG-20240426-WA0020-300x225.jpg 300w, https:\/\/bogenparcours-kleinwallstadt.de\/wp-content\/uploads\/2024\/05\/IMG-20240426-WA0020-768x576.jpg 768w\" sizes=\"auto, (max-width: 800px) 100vw, 800px\" \/><\/figure>\n\n\n\n<figure class=\"wp-block-image size-large\"><img loading=\"lazy\" decoding=\"async\" width=\"800\" height=\"600\" data-id=\"243\" src=\"https:\/\/bogenparcours-kleinwallstadt.de\/wp-content\/uploads\/2024\/05\/IMG-20240426-WA0005.jpg\" alt=\"\" class=\"wp-image-243\" srcset=\"https:\/\/bogenparcours-kleinwallstadt.de\/wp-content\/uploads\/2024\/05\/IMG-20240426-WA0005.jpg 800w, https:\/\/bogenparcours-kleinwallstadt.de\/wp-content\/uploads\/2024\/05\/IMG-20240426-WA0005-300x225.jpg 300w, https:\/\/bogenparcours-kleinwallstadt.de\/wp-content\/uploads\/2024\/05\/IMG-20240426-WA0005-768x576.jpg 768w\" sizes=\"auto, (max-width: 800px) 100vw, 800px\" \/><\/figure>\n\n\n\n<figure class=\"wp-block-image size-large\"><img loading=\"lazy\" decoding=\"async\" width=\"800\" height=\"600\" data-id=\"241\" src=\"https:\/\/bogenparcours-kleinwallstadt.de\/wp-content\/uploads\/2024\/05\/IMG-20240426-WA0035.jpg\" alt=\"\" class=\"wp-image-241\" srcset=\"https:\/\/bogenparcours-kleinwallstadt.de\/wp-content\/uploads\/2024\/05\/IMG-20240426-WA0035.jpg 800w, https:\/\/bogenparcours-kleinwallstadt.de\/wp-content\/uploads\/2024\/05\/IMG-20240426-WA0035-300x225.jpg 300w, https:\/\/bogenparcours-kleinwallstadt.de\/wp-content\/uploads\/2024\/05\/IMG-20240426-WA0035-768x576.jpg 768w\" sizes=\"auto, (max-width: 800px) 100vw, 800px\" \/><\/figure>\n<\/figure>\n\n\n\n<p class=\"has-large-font-size\"><strong>Marc Lampe hat ein Video zum Parcours gemacht \ud83d\ude42<\/strong><\/p>\n\n\n\n<p><a href=\"https:\/\/www.youtube.com\/watch?v=59O8ePbBUzA\">Rattenscharfes Vergn\u00fcgen &#8211; Bogenparcours &#8222;Am alten Schloss&#8220; (youtube.com)<\/a><\/p>\n\n\n\n<p><\/p>\n\n\n\n<p class=\"has-large-font-size\">Ich freue mich auf deinen Besuch!<\/p>\n\n\n\n<p><\/p>\n","protected":false},"excerpt":{"rendered":"<p>Willkommen auf dem 3D Bogenparcours &#8222;am Alten Schloss&#8220;! Tauche ein in ein Abenteuer der besonderen Art &#8211; mitten im idyllischen Kleinwallstadt erwartet dich ein einzigartiger Bogenparcours auf einer 13 Hektar gro\u00dfen Fl\u00e4che voller Mischwald. Auf einem ca. 3 km langen Rundweg durchstreifst du naturbelassene Pfade voller Abenteuer, vorbei an geheimnisvollen Schluchten und der Ruine des [&hellip;]<\/p>\n","protected":false},"author":1,"featured_media":0,"parent":0,"menu_order":0,"comment_status":"closed","ping_status":"closed","template":"","meta":{"footnotes":""},"class_list":["post-31","page","type-page","status-publish","hentry"],"blocksy_meta":[],"_links":{"self":[{"href":"https:\/\/bogenparcours-kleinwallstadt.de\/index.php?rest_route=\/wp\/v2\/pages\/31","targetHints":{"allow":["GET"]}}],"collection":[{"href":"https:\/\/bogenparcours-kleinwallstadt.de\/index.php?rest_route=\/wp\/v2\/pages"}],"about":[{"href":"https:\/\/bogenparcours-kleinwallstadt.de\/index.php?rest_route=\/wp\/v2\/types\/page"}],"author":[{"embeddable":true,"href":"https:\/\/bogenparcours-kleinwallstadt.de\/index.php?rest_route=\/wp\/v2\/users\/1"}],"replies":[{"embeddable":true,"href":"https:\/\/bogenparcours-kleinwallstadt.de\/index.php?rest_route=%2Fwp%2Fv2%2Fcomments&post=31"}],"version-history":[{"count":28,"href":"https:\/\/bogenparcours-kleinwallstadt.de\/index.php?rest_route=\/wp\/v2\/pages\/31\/revisions"}],"predecessor-version":[{"id":626,"href":"https:\/\/bogenparcours-kleinwallstadt.de\/index.php?rest_route=\/wp\/v2\/pages\/31\/revisions\/626"}],"wp:attachment":[{"href":"https:\/\/bogenparcours-kleinwallstadt.de\/index.php?rest_route=%2Fwp%2Fv2%2Fmedia&parent=31"}],"curies":[{"name":"wp","href":"https:\/\/api.w.org\/{rel}","templated":true}]}}