{"id":47,"date":"2024-04-08T18:15:44","date_gmt":"2024-04-08T18:15:44","guid":{"rendered":"https:\/\/bogenparcours-kleinwallstadt.de\/?page_id=47"},"modified":"2026-05-05T05:23:26","modified_gmt":"2026-05-05T05:23:26","slug":"angebot","status":"publish","type":"page","link":"https:\/\/bogenparcours-kleinwallstadt.de\/?page_id=47","title":{"rendered":"Angebot"},"content":{"rendered":"\n<p class=\"has-large-font-size\"><\/p>\n\n\n\n<div class=\"wp-block-columns is-layout-flex wp-container-core-columns-is-layout-28f84493 wp-block-columns-is-layout-flex\">\n<div class=\"wp-block-column is-layout-flow wp-block-column-is-layout-flow\" style=\"flex-basis:66.66%\">\n<p class=\"has-large-font-size\"><strong>Tauche ein in die faszinierende Welt des Bogenschie\u00dfens!<\/strong><\/p>\n\n\n\n<p>Meine Kurse und Events bieten eine spannende Erfahrung f\u00fcr jeden &#8211; egal, ob du schon ein erfahrener Bogensch\u00fctze bist oder zum ersten Mal einen Bogen in den H\u00e4nden h\u00e4ltst. Sogar Kinder ab acht Jahren k\u00f6nnen gemeinsam mit einem Erwachsenen an meinen Kursen teilnehmen und das Abenteuer des Bogenschie\u00dfens entdecken.<\/p>\n\n\n\n<p>Damit du dich voll und ganz auf das Schie\u00dfen konzentrieren kannst, empfehle ich dir, dich passend zu kleiden &#8211; trage wetterfeste, eng anliegende Kleidung und feste Schuhe, am besten Wanderschuhe, f\u00fcr einen sicheren Halt. Dein Magen ist w\u00e4hrend des Kurses ebenso wichtig wie dein Ziel, also denk daran, dich mit Snacks und Getr\u00e4nken selbst zu versorgen.<\/p>\n\n\n\n<p>Meine Kurse finden immer im Freien statt, und das bei jedem Wetter. Lasst dich nicht von ein paar Regentropfen abschrecken &#8211; entdecke die wahre Wildnis des Bogenschie\u00dfens! Ein erfahrener Sch\u00fctze wird dich dabei begleiten und unterst\u00fctzen.<\/p>\n<\/div>\n\n\n\n<div class=\"wp-block-column is-layout-flow wp-block-column-is-layout-flow\" style=\"flex-basis:33.33%\">\n<figure class=\"wp-block-image size-full\"><img loading=\"lazy\" decoding=\"async\" width=\"800\" height=\"793\" src=\"https:\/\/bogenparcours-kleinwallstadt.de\/wp-content\/uploads\/2024\/04\/20181003_185908.jpg\" alt=\"\" class=\"wp-image-129\" srcset=\"https:\/\/bogenparcours-kleinwallstadt.de\/wp-content\/uploads\/2024\/04\/20181003_185908.jpg 800w, https:\/\/bogenparcours-kleinwallstadt.de\/wp-content\/uploads\/2024\/04\/20181003_185908-300x297.jpg 300w, https:\/\/bogenparcours-kleinwallstadt.de\/wp-content\/uploads\/2024\/04\/20181003_185908-150x150.jpg 150w, https:\/\/bogenparcours-kleinwallstadt.de\/wp-content\/uploads\/2024\/04\/20181003_185908-768x761.jpg 768w\" sizes=\"auto, (max-width: 800px) 100vw, 800px\" \/><\/figure>\n<\/div>\n<\/div>\n\n\n\n<p class=\"has-text-align-center has-luminous-vivid-orange-background-color has-background has-large-font-size\"><mark>Freie Pl\u00e4tze\u00a0<\/mark>f\u00fcr Schnupperkurs am\u00a014+17+31.05. \/ 27.06. \/ 11+24.07. \/ 15.08. \ud83d\ude09<\/p>\n\n\n\n<p><\/p>\n\n\n\n<p><\/p>\n\n\n\n<p><strong><u>Schnupperkurs &#8211; ca. 1,5 Stunden \/ 3-10 Personen<\/u><\/strong><\/p>\n\n\n\n<p>Lust auf ein Abenteuer? Dann ist mein Schnupperkurs der ideale Einstieg in die 3D Bogenwelt! Hier k\u00f6nnt ihr ganz unverbindlich reinschnuppern und das intuitive Bogenschie\u00dfen kennenlernen. Mit einem passenden Leihbogen und Pfeilen ausgestattet, werdet ihr zun\u00e4chst mit den Sicherheitsregeln vertraut gemacht. Anschlie\u00dfend zeige ich euch vor Ort die Grundz\u00fcge des intuitiven Bogenschie\u00dfens, die ihr direkt an der Zielscheibe umsetzen k\u00f6nnt. Nach diesem Kurs seid ihr bereit, eure ersten Erfahrungen auf meinem Parcours zu sammeln. Plant gerne gen\u00fcgend Zeit ein, denn 4-5 Stunden k\u00f6nnen wie im Flug vergehen!<\/p>\n\n\n\n<p>Wenn Ihr m\u00f6chtet k\u00f6nnt Ihr Euch eine <strong>Begleitung in den Parcours dazu buchen<\/strong>, um noch weitere Unterst\u00fctzung zu bekommen.<\/p>\n\n\n\n<p><\/p>\n\n\n\n<p><strong><u>Grundkurs Intuitives Bogenschie\u00dfen &#8211; ca. 5 Stunden \/ 3-6 Personen<\/u><\/strong><\/p>\n\n\n\n<p>In meinem Grundkurs erhaltet ihr ein solides Basiswissen zum intuitiven Bogenschie\u00dfen. Jeder Teilnehmer bekommt einen Leihbogen mit Pfeilen, der zu ihm passt. Nachdem ihr die Sicherheitsregeln kennengelernt habt, zeige ich euch vor Ort ausf\u00fchrlich die Grundz\u00fcge des intuitiven Bogenschie\u00dfens, die ihr direkt an der Zielscheibe umsetzen k\u00f6nnt. Gemeinsam werden wir eine gute Haltung und Technik erarbeiten und uns anschlie\u00dfend in den Parcours begeben, um das Erlernte in der Praxis umzusetzen. Zusammen werden wir die Herausforderungen des Gel\u00e4ndes meistern und unsere F\u00e4higkeiten verfeinern. Lasst euch dieses Abenteuer nicht entgehen!<\/p>\n\n\n\n<p><\/p>\n\n\n\n<p><\/p>\n\n\n\n<p><strong><u>Fortgeschrittenenkurs Intuitives Bogenschie\u00dfen &#8211; ca. 5 Stunden \/ 3-6 Personen<\/u><\/strong><\/p>\n\n\n\n<p>Bist du bereits ein erfahrener Bogensch\u00fctze und m\u00f6chtest deinen Stil sowie deine Trefferquote verbessern? In meinem Fortgeschrittenenkurs vertiefen wir gemeinsam die Theorie des intuitiven Schie\u00dfens. An der Zielscheibe analysieren wir individuell deinen Stil und deine Technik und gehen gezielt auf deine Bed\u00fcrfnisse ein. Nach einer kurzen Pause begeben wir uns in den Parcours, um das Erlernte in der Praxis umzusetzen. In der Gruppe werden wir uns gegenseitig beim Schie\u00dfen im Gel\u00e4nde beobachten und unsere F\u00e4higkeiten weiter verfeinern.&nbsp;<\/p>\n\n\n\n<p><\/p>\n\n\n\n<p style=\"text-decoration:underline\"><strong>Bei mir kannst du eine Leihausr\u00fcstung bekommen<\/strong><\/p>\n\n\n\n<p>Beim Umgang mit Pfeil und Bogen tr\u00e4gst du die Verantwortung. Damit dies sicher und erfolgreich geschieht, solltest du folgende Voraussetzungen erf\u00fcllen, um eine Leihausr\u00fcstung zu bekommen:<\/p>\n\n\n\n<p>&#8211; Eine Parcoursreife haben, dh einen Schnupper oder Grundkurs besucht haben und somit<br>Kenntnisse \u00fcber Sicherheitsbestimmungen im Umgang mit Pfeil und Bogen und f\u00fcr den 3D-Parcours besitzen.<br>&#8211; Alternativ einen erfahrenen Bogensch\u00fctzen als Begleitung an deiner Seite haben, der f\u00fcr dich die Verantwortung \u00fcbernimmt.<\/p>\n\n\n\n<p>Wenn du diese Voraussetzungen erf\u00fcllst, kannst du ganz einfach ein paar Tage im Voraus per E-Mail deine Leihausr\u00fcstung reservieren. Bitte teile mir deine H\u00e4ndigkeit (rechts oder links) und die gew\u00fcnschte Zugst\u00e4rke (stark, mittel, schwach) mit.<\/p>\n\n\n\n<p>Hast du Unsicherheiten bez\u00fcglich dieser Punkte, z\u00f6gere nicht nachzufragen. Deine Sicherheit und die aller anderen hat f\u00fcr mich h\u00f6chste Priorit\u00e4t. Falls du noch keine Erfahrung im Bogenschie\u00dfen hast, bist du herzlich eingeladen, an meinem Schnupperkurs oder Grundkurs teilzunehmen. <\/p>\n\n\n\n<p><\/p>\n\n\n\n<p><strong><u>Individuelle Unterst\u00fctzung nach Absprache &#8211; Einzelstunden nach Wunsch<\/u><\/strong><\/p>\n\n\n\n<p>Du m\u00f6chtest eine ganz individuelle Betreuung und Unterst\u00fctzung? Kein Problem! Ich biete Einzelstunden an, ganz nach deinen W\u00fcnschen und Bed\u00fcrfnissen. Gemeinsam k\u00f6nnen wir an deinem Stil arbeiten und deine Technik verbessern. Sprich mich einfach an und wir finden eine L\u00f6sung, die perfekt zu dir passt. Du und dein Bogen stehen im Mittelpunkt!<\/p>\n\n\n\n<p><\/p>\n\n\n\n<p><\/p>\n\n\n\n<p><strong><u>Individuelle Events nach Absprache<\/u><\/strong><\/p>\n\n\n\n<p>Ob Verein, Firma oder Geburtstagsfeier &#8211; ihr m\u00f6chtet etwas Besonderes erleben? Ich plane gerne ein individuelles Event nach euren W\u00fcnschen. Lasst mich wissen, was ihr euch vorstellt und ich mache es m\u00f6glich. Macht euren Ausflug zu einem unvergesslichen Erlebnis!<\/p>\n\n\n\n<div class=\"wp-block-cover is-light\" style=\"min-height:653px;aspect-ratio:unset;\"><img loading=\"lazy\" decoding=\"async\" width=\"1024\" height=\"771\" class=\"wp-block-cover__image-background wp-image-1181 size-large\" alt=\"\" src=\"https:\/\/bogenparcours-kleinwallstadt.de\/wp-content\/uploads\/2026\/04\/IMG-20260413-WA0025-1024x771.jpg\" data-object-fit=\"cover\" srcset=\"https:\/\/bogenparcours-kleinwallstadt.de\/wp-content\/uploads\/2026\/04\/IMG-20260413-WA0025-1024x771.jpg 1024w, https:\/\/bogenparcours-kleinwallstadt.de\/wp-content\/uploads\/2026\/04\/IMG-20260413-WA0025-300x226.jpg 300w, https:\/\/bogenparcours-kleinwallstadt.de\/wp-content\/uploads\/2026\/04\/IMG-20260413-WA0025-768x578.jpg 768w, https:\/\/bogenparcours-kleinwallstadt.de\/wp-content\/uploads\/2026\/04\/IMG-20260413-WA0025-1536x1157.jpg 1536w, https:\/\/bogenparcours-kleinwallstadt.de\/wp-content\/uploads\/2026\/04\/IMG-20260413-WA0025.jpg 2040w\" sizes=\"auto, (max-width: 1024px) 100vw, 1024px\" \/><span aria-hidden=\"true\" class=\"wp-block-cover__background has-background-dim\" style=\"background-color:#a38568\"><\/span><div class=\"wp-block-cover__inner-container is-layout-flow wp-block-cover-is-layout-flow\">\n<p><\/p>\n\n\n\n<p><\/p>\n\n\n\n<p><\/p>\n\n\n\n<p><\/p>\n\n\n\n<p class=\"has-text-align-right has-white-color has-text-color has-link-color has-large-font-size wp-elements-a9da52f85c3ea4fc046731a4a2dd5a4f\">Es gibt eine Seilbahn, die Ihr als Gruppe, nach Absprache &#8222;Mieten&#8220; k\u00f6nnt. <\/p>\n\n\n\n<p class=\"has-text-align-right has-white-color has-text-color has-link-color has-medium-font-size wp-elements-b528764ef740fd8f22f5ba7bea465bb9\">Ab 10 Personen f\u00fcr einen Unkostenbeitrag von 50\u20ac seid ihr dabei!<\/p>\n\n\n\n<p class=\"has-text-align-right has-white-color has-text-color has-link-color has-x-large-font-size wp-elements-0efc822983add36acc0505801cd9e871\">Es f\u00e4hrt der Sch\u00fctze zum schie\u00dfen am Ziel vorbei \ud83d\ude09<\/p>\n<\/div><\/div>\n\n\n\n<div class=\"wp-block-file\"><a id=\"wp-block-file--media-6a8ea37c-d1f3-4738-9271-4b7bf39a5427\" href=\"https:\/\/bogenparcours-kleinwallstadt.de\/wp-content\/uploads\/2026\/04\/VID1-Seilbahn-1.mp4\">VID1 Seilbahn<\/a><a href=\"https:\/\/bogenparcours-kleinwallstadt.de\/wp-content\/uploads\/2026\/04\/VID1-Seilbahn-1.mp4\" class=\"wp-block-file__button wp-element-button\" download aria-describedby=\"wp-block-file--media-6a8ea37c-d1f3-4738-9271-4b7bf39a5427\">Herunterladen<\/a><\/div>\n\n\n\n<div class=\"wp-block-file\"><a id=\"wp-block-file--media-817d22ed-0d98-48ba-abcc-66d96b797bcc\" href=\"https:\/\/bogenparcours-kleinwallstadt.de\/wp-content\/uploads\/2026\/04\/VID2-Seilbahn-1.mp4\">VID2 Seilbahn<\/a><a href=\"https:\/\/bogenparcours-kleinwallstadt.de\/wp-content\/uploads\/2026\/04\/VID2-Seilbahn-1.mp4\" class=\"wp-block-file__button wp-element-button\" download aria-describedby=\"wp-block-file--media-817d22ed-0d98-48ba-abcc-66d96b797bcc\">Herunterladen<\/a><\/div>\n\n\n\n<p class=\"has-large-font-size\"><strong>Schreibt mich an &#8211; ich bin f\u00fcr alle Ideen offen!<\/strong><\/p>\n\n\n\n<p class=\"has-large-font-size\">Ich freue mich auf dich und eine spannende Zeit beim Bogenschie\u00dfen!<\/p>\n\n\n\n<p><\/p>\n\n\n\n<p><\/p>\n","protected":false},"excerpt":{"rendered":"<p>Tauche ein in die faszinierende Welt des Bogenschie\u00dfens! Meine Kurse und Events bieten eine spannende Erfahrung f\u00fcr jeden &#8211; egal, ob du schon ein erfahrener Bogensch\u00fctze bist oder zum ersten Mal einen Bogen in den H\u00e4nden h\u00e4ltst. Sogar Kinder ab acht Jahren k\u00f6nnen gemeinsam mit einem Erwachsenen an meinen Kursen teilnehmen und das Abenteuer des [&hellip;]<\/p>\n","protected":false},"author":1,"featured_media":0,"parent":0,"menu_order":0,"comment_status":"closed","ping_status":"closed","template":"","meta":{"footnotes":""},"class_list":["post-47","page","type-page","status-publish","hentry"],"blocksy_meta":[],"_links":{"self":[{"href":"https:\/\/bogenparcours-kleinwallstadt.de\/index.php?rest_route=\/wp\/v2\/pages\/47","targetHints":{"allow":["GET"]}}],"collection":[{"href":"https:\/\/bogenparcours-kleinwallstadt.de\/index.php?rest_route=\/wp\/v2\/pages"}],"about":[{"href":"https:\/\/bogenparcours-kleinwallstadt.de\/index.php?rest_route=\/wp\/v2\/types\/page"}],"author":[{"embeddable":true,"href":"https:\/\/bogenparcours-kleinwallstadt.de\/index.php?rest_route=\/wp\/v2\/users\/1"}],"replies":[{"embeddable":true,"href":"https:\/\/bogenparcours-kleinwallstadt.de\/index.php?rest_route=%2Fwp%2Fv2%2Fcomments&post=47"}],"version-history":[{"count":36,"href":"https:\/\/bogenparcours-kleinwallstadt.de\/index.php?rest_route=\/wp\/v2\/pages\/47\/revisions"}],"predecessor-version":[{"id":1240,"href":"https:\/\/bogenparcours-kleinwallstadt.de\/index.php?rest_route=\/wp\/v2\/pages\/47\/revisions\/1240"}],"wp:attachment":[{"href":"https:\/\/bogenparcours-kleinwallstadt.de\/index.php?rest_route=%2Fwp%2Fv2%2Fmedia&parent=47"}],"curies":[{"name":"wp","href":"https:\/\/api.w.org\/{rel}","templated":true}]}}