{"id":50,"date":"2024-04-08T18:16:25","date_gmt":"2024-04-08T18:16:25","guid":{"rendered":"https:\/\/bogenparcours-kleinwallstadt.de\/?page_id=50"},"modified":"2026-05-04T07:08:58","modified_gmt":"2026-05-04T07:08:58","slug":"preise","status":"publish","type":"page","link":"https:\/\/bogenparcours-kleinwallstadt.de\/?page_id=50","title":{"rendered":"Preise"},"content":{"rendered":"\n<p class=\"has-medium-font-size\"><strong>Tageskarte Parcours<\/strong><\/p>\n\n\n\n<div class=\"wp-block-columns is-layout-flex wp-container-core-columns-is-layout-2c8f09fd wp-block-columns-is-layout-flex\">\n<div class=\"wp-block-column is-layout-flow wp-block-column-is-layout-flow\" style=\"flex-basis:66.66%\">\n<div class=\"wp-block-columns is-not-stacked-on-mobile is-layout-flex wp-container-core-columns-is-layout-28f84493 wp-block-columns-is-layout-flex\">\n<div class=\"wp-block-column is-layout-flow wp-block-column-is-layout-flow\">\n<p>Erwachsene (ab 16 Jahren) = 15.-\u20ac pro Person<br><br>Jugendliche 10 &#8211; 16 Jahre = 7.-\u20ac pro Person<br><br>Kind unter 10 Jahre = frei<br><br>Familienkarte = 37.- \u20ac f\u00fcr 2 Erwachsene und 2 Jugendliche<\/p>\n<\/div>\n<\/div>\n<\/div>\n\n\n\n<div class=\"wp-block-column is-layout-flow wp-block-column-is-layout-flow\" style=\"flex-basis:33.33%\"><\/div>\n<\/div>\n\n\n\n<p><\/p>\n\n\n\n<p><\/p>\n\n\n\n<p class=\"has-medium-font-size\"><strong>Bogenausr\u00fcstung Tagesmiete<\/strong><\/p>\n\n\n\n<p>Verleih nur mit Parcoursreife = Schnupperkurs oder in Begleitung eines Erfahrenen Sch\u00fctzen<\/p>\n\n\n\n<p>Bogenausr\u00fcstung incl.&nbsp; 4 St\u00fcck Pfeile&nbsp;&nbsp;&nbsp; 12.- \u20ac \/ pro Tag<\/p>\n\n\n\n<p>Bei Pfeilverlust oder Besch\u00e4digung &nbsp;&nbsp;&nbsp;&nbsp;&nbsp;&nbsp;&nbsp;&nbsp;&nbsp;&nbsp;&nbsp;7.- \u20ac \/ St\u00fcck<\/p>\n\n\n\n<p>Kaution + Ausweis&nbsp;&nbsp;&nbsp;&nbsp;&nbsp;&nbsp;&nbsp;&nbsp;&nbsp;&nbsp;&nbsp;&nbsp;&nbsp;&nbsp;&nbsp;&nbsp;&nbsp;&nbsp;&nbsp;&nbsp;&nbsp;&nbsp;&nbsp;&nbsp;&nbsp;&nbsp;&nbsp;&nbsp;&nbsp;&nbsp;&nbsp;&nbsp;&nbsp;&nbsp;100.-\u20ac \/ St\u00fcck<\/p>\n\n\n\n<p><\/p>\n\n\n\n<p><\/p>\n\n\n\n<p class=\"has-medium-font-size\"><strong>Schnupperkurs&nbsp;&nbsp; <\/strong>3 &#8211; &nbsp;10 Personen Dauer ca. 1,5 Stunden<\/p>\n\n\n\n<ul class=\"wp-block-list\">\n<li>Incl. Bogen Leihausr\u00fcstung<\/li>\n\n\n\n<li>Sicherheitsregel<\/li>\n\n\n\n<li>Grundz\u00fcge des Bogenschie\u00dfens<\/li>\n\n\n\n<li>Erlangen der \u201eParcoursreife\u201c<\/li>\n\n\n\n<li>Tageskarte Parcours<\/li>\n<\/ul>\n\n\n\n<p>Erwachsene&nbsp;&nbsp;&nbsp;(ab 16 Jahren)&nbsp;&nbsp;&nbsp;&nbsp;&nbsp;&nbsp;&nbsp;&nbsp;&nbsp;&nbsp; 45.- \u20ac \/ pro Person<\/p>\n\n\n\n<p>Jugendliche 10 \u2013 16 Jahre&nbsp;&nbsp;&nbsp;&nbsp;&nbsp;&nbsp;&nbsp;&nbsp;&nbsp;&nbsp;&nbsp;&nbsp;&nbsp;&nbsp;30.- \u20ac \/ pro Person<\/p>\n\n\n\n<p>Kind 8 \u2013 10 Jahre&nbsp;&nbsp;&nbsp;&nbsp;&nbsp;&nbsp;&nbsp;&nbsp;&nbsp;&nbsp;&nbsp;&nbsp;&nbsp;&nbsp;&nbsp;&nbsp;&nbsp;&nbsp;&nbsp;&nbsp;&nbsp;&nbsp;&nbsp;&nbsp;&nbsp;&nbsp;&nbsp; 23.- \u20ac \/ pro Person<\/p>\n\n\n\n<p>Familienkarte&nbsp;&nbsp;&nbsp;&nbsp;&nbsp;&nbsp;&nbsp;&nbsp;&nbsp;&nbsp;&nbsp;&nbsp;&nbsp;&nbsp;&nbsp;&nbsp;&nbsp;&nbsp;&nbsp;&nbsp;&nbsp;&nbsp;&nbsp;&nbsp;&nbsp;&nbsp;&nbsp;&nbsp;&nbsp;&nbsp;&nbsp;&nbsp; 120.- \u20ac \/ 2 Erwachsene + 2 Kinder\/Jugendliche<\/p>\n\n\n\n<p><\/p>\n\n\n\n<p class=\"has-medium-font-size\"><strong>Ich begleite Euch in den Parcours<\/strong> bis 6 Personen Dauer ca. 3 Stunden<\/p>\n\n\n\n<ul class=\"wp-block-list\">\n<li>Ihr bekommt individuelle Unterst\u00fctzung entsprechend Euren Bed\u00fcrfnissen<\/li>\n<\/ul>\n\n\n\n<p>Pauschale&nbsp;&nbsp;&nbsp;&nbsp;&nbsp;&nbsp;&nbsp;&nbsp;&nbsp;&nbsp;&nbsp;&nbsp;&nbsp;&nbsp;&nbsp;&nbsp;&nbsp;&nbsp;&nbsp;&nbsp;&nbsp;&nbsp;&nbsp;&nbsp;&nbsp;&nbsp;&nbsp;&nbsp;&nbsp;&nbsp;&nbsp;&nbsp;&nbsp;&nbsp;&nbsp;&nbsp;&nbsp;&nbsp;&nbsp;&nbsp; 150.- \u20ac \/ ca. 3 Stunden<\/p>\n\n\n\n<p><\/p>\n\n\n\n<p><\/p>\n\n\n\n<p class=\"has-medium-font-size\"><strong>Grundkurs<\/strong> &nbsp;&nbsp;3 &#8211; 6 Personen Dauer ca. 5 Stunden<\/p>\n\n\n\n<ul class=\"wp-block-list\">\n<li>Incl. Bogen Leihausr\u00fcstung<\/li>\n\n\n\n<li>Sicherheitsregel<\/li>\n\n\n\n<li>Grundlagen des Intuitiven Bogenschie\u00dfen<\/li>\n\n\n\n<li>Praktisches \u00fcben an der Scheibe<\/li>\n\n\n\n<li>Erlangen der \u201eParcoursreife\u201c<\/li>\n\n\n\n<li>Tageskarte Parcours<\/li>\n\n\n\n<li>Begleitung in den Parcours<\/li>\n<\/ul>\n\n\n\n<p>Erwachsene&nbsp;&nbsp;&nbsp;(ab 16 Jahren)&nbsp;&nbsp;&nbsp;&nbsp;&nbsp;&nbsp;&nbsp;&nbsp;&nbsp;&nbsp; 90.- \u20ac \/ pro Person<\/p>\n\n\n\n<p>Jugendliche 10 \u2013 16 Jahre &nbsp;&nbsp;&nbsp;&nbsp;&nbsp;&nbsp;&nbsp;&nbsp;&nbsp;&nbsp;&nbsp;&nbsp; 75.- \u20ac \/ pro Person<\/p>\n\n\n\n<p>Kind 8 \u2013 10 Jahre&nbsp;&nbsp;&nbsp;&nbsp;&nbsp;&nbsp;&nbsp;&nbsp;&nbsp;&nbsp;&nbsp;&nbsp;&nbsp;&nbsp;&nbsp;&nbsp;&nbsp;&nbsp;&nbsp;&nbsp;&nbsp;&nbsp;&nbsp;&nbsp;&nbsp;&nbsp;&nbsp; 70.- \u20ac \/ pro Person<\/p>\n\n\n\n<p>Familienkarte&nbsp;&nbsp;&nbsp;&nbsp;&nbsp;&nbsp;&nbsp;&nbsp;&nbsp;&nbsp;&nbsp;&nbsp;&nbsp;&nbsp;&nbsp;&nbsp;&nbsp;&nbsp;&nbsp;&nbsp;&nbsp;&nbsp;&nbsp;&nbsp;&nbsp;&nbsp;&nbsp;&nbsp;&nbsp;&nbsp;&nbsp;&nbsp; 250.- \u20ac \/ 2 Erwachsene + 2 Kinder\/Jugendliche<\/p>\n\n\n\n<p class=\"has-medium-font-size\"><strong>Fortgeschrittenenkurs<\/strong> 3 \u2013 6 Personen Dauer ca. 5 Stunden<\/p>\n\n\n\n<ul class=\"wp-block-list\">\n<li>Eigene Bogenausr\u00fcstung ist Voraussetzung<\/li>\n\n\n\n<li>Aufbaukurs nach Grundkurs<\/li>\n\n\n\n<li>Verbesserung Stil und Technik des Intuitiven Bogenschie\u00dfen<\/li>\n\n\n\n<li>Praktisches \u00fcben mit Analyse an der Scheibe<\/li>\n\n\n\n<li>Tageskarte Parcours<\/li>\n\n\n\n<li>Begleitung in den Parcours, Analyse Stil und Technik im Gel\u00e4nde<\/li>\n<\/ul>\n\n\n\n<p>Teilnehmer jeden Alters&nbsp;&nbsp;&nbsp;&nbsp;&nbsp;&nbsp;&nbsp;&nbsp;&nbsp;&nbsp;&nbsp;&nbsp;&nbsp;&nbsp;&nbsp;&nbsp;&nbsp;&nbsp;&nbsp;&nbsp;&nbsp;&nbsp;&nbsp;&nbsp;&nbsp;&nbsp;&nbsp;&nbsp;&nbsp;&nbsp;&nbsp;&nbsp;&nbsp;&nbsp;&nbsp;&nbsp;&nbsp;&nbsp;&nbsp;&nbsp;&nbsp;&nbsp;&nbsp; 80.- \u20ac \/ pro Person<\/p>\n\n\n\n<p><\/p>\n\n\n\n<p><\/p>\n\n\n\n<p class=\"has-medium-font-size\"><strong>Individuelle Unterst\u00fctzung&nbsp; <\/strong>&nbsp;&nbsp;nach Absprache<\/p>\n\n\n\n<p>Teilnehmer jeden Alters&nbsp;&nbsp;&nbsp;&nbsp;&nbsp;&nbsp;&nbsp;&nbsp;&nbsp;&nbsp;&nbsp;&nbsp;&nbsp;&nbsp;&nbsp;&nbsp;&nbsp;&nbsp;&nbsp;&nbsp;&nbsp;&nbsp;&nbsp;&nbsp;&nbsp;&nbsp;&nbsp;&nbsp;&nbsp;&nbsp;&nbsp;&nbsp;&nbsp;&nbsp;&nbsp;&nbsp;&nbsp;&nbsp;&nbsp;&nbsp;&nbsp;&nbsp;&nbsp; 50.- \u20ac \/ pro Stunde<\/p>\n\n\n\n<p><strong>Individuelle Events<\/strong><\/p>\n\n\n\n<ul class=\"wp-block-list\">\n<li>F\u00fcr Vereine, Firma \/ Team Building, Geburtstag etc.<\/li>\n<\/ul>\n\n\n\n<p>Nach&nbsp; Absprache und Aufwand<\/p>\n\n\n\n<h2 class=\"wp-block-heading has-medium-font-size\">Seilbahn ab 10 Personen    nach Absprache<\/h2>\n\n\n\n<p>Betreut 1 Std Seilbahn fahren f\u00fcr die ganze Gruppe &#8211; Unkostenbeitrag 50.- \u20ac<\/p>\n\n\n\n<p><\/p>\n","protected":false},"excerpt":{"rendered":"<p>Tageskarte Parcours Erwachsene (ab 16 Jahren) = 15.-\u20ac pro Person Jugendliche 10 &#8211; 16 Jahre = 7.-\u20ac pro Person Kind unter 10 Jahre = frei Familienkarte = 37.- \u20ac f\u00fcr 2 Erwachsene und 2 Jugendliche Bogenausr\u00fcstung Tagesmiete Verleih nur mit Parcoursreife = Schnupperkurs oder in Begleitung eines Erfahrenen Sch\u00fctzen Bogenausr\u00fcstung incl.&nbsp; 4 St\u00fcck Pfeile&nbsp;&nbsp;&nbsp; 12.- [&hellip;]<\/p>\n","protected":false},"author":1,"featured_media":0,"parent":0,"menu_order":0,"comment_status":"closed","ping_status":"closed","template":"","meta":{"footnotes":""},"class_list":["post-50","page","type-page","status-publish","hentry"],"blocksy_meta":[],"_links":{"self":[{"href":"https:\/\/bogenparcours-kleinwallstadt.de\/index.php?rest_route=\/wp\/v2\/pages\/50","targetHints":{"allow":["GET"]}}],"collection":[{"href":"https:\/\/bogenparcours-kleinwallstadt.de\/index.php?rest_route=\/wp\/v2\/pages"}],"about":[{"href":"https:\/\/bogenparcours-kleinwallstadt.de\/index.php?rest_route=\/wp\/v2\/types\/page"}],"author":[{"embeddable":true,"href":"https:\/\/bogenparcours-kleinwallstadt.de\/index.php?rest_route=\/wp\/v2\/users\/1"}],"replies":[{"embeddable":true,"href":"https:\/\/bogenparcours-kleinwallstadt.de\/index.php?rest_route=%2Fwp%2Fv2%2Fcomments&post=50"}],"version-history":[{"count":31,"href":"https:\/\/bogenparcours-kleinwallstadt.de\/index.php?rest_route=\/wp\/v2\/pages\/50\/revisions"}],"predecessor-version":[{"id":1237,"href":"https:\/\/bogenparcours-kleinwallstadt.de\/index.php?rest_route=\/wp\/v2\/pages\/50\/revisions\/1237"}],"wp:attachment":[{"href":"https:\/\/bogenparcours-kleinwallstadt.de\/index.php?rest_route=%2Fwp%2Fv2%2Fmedia&parent=50"}],"curies":[{"name":"wp","href":"https:\/\/api.w.org\/{rel}","templated":true}]}}