{"id":52,"date":"2024-04-08T18:16:51","date_gmt":"2024-04-08T18:16:51","guid":{"rendered":"https:\/\/bogenparcours-kleinwallstadt.de\/?page_id=52"},"modified":"2024-08-20T19:35:27","modified_gmt":"2024-08-20T19:35:27","slug":"ueber-mich","status":"publish","type":"page","link":"https:\/\/bogenparcours-kleinwallstadt.de\/?page_id=52","title":{"rendered":"\u00dcber mich"},"content":{"rendered":"\n<p><\/p>\n\n\n\n<div class=\"wp-block-columns is-layout-flex wp-container-core-columns-is-layout-28f84493 wp-block-columns-is-layout-flex\">\n<div class=\"wp-block-column is-layout-flow wp-block-column-is-layout-flow\">\n<figure class=\"wp-block-image size-large\"><img loading=\"lazy\" decoding=\"async\" width=\"601\" height=\"1024\" src=\"https:\/\/bogenparcours-kleinwallstadt.de\/wp-content\/uploads\/2024\/02\/20201028_093406-601x1024.jpg\" alt=\"\" class=\"wp-image-8\" srcset=\"https:\/\/bogenparcours-kleinwallstadt.de\/wp-content\/uploads\/2024\/02\/20201028_093406-601x1024.jpg 601w, https:\/\/bogenparcours-kleinwallstadt.de\/wp-content\/uploads\/2024\/02\/20201028_093406-176x300.jpg 176w, https:\/\/bogenparcours-kleinwallstadt.de\/wp-content\/uploads\/2024\/02\/20201028_093406-768x1309.jpg 768w, https:\/\/bogenparcours-kleinwallstadt.de\/wp-content\/uploads\/2024\/02\/20201028_093406-901x1536.jpg 901w, https:\/\/bogenparcours-kleinwallstadt.de\/wp-content\/uploads\/2024\/02\/20201028_093406.jpg 1173w\" sizes=\"auto, (max-width: 601px) 100vw, 601px\" \/><\/figure>\n<\/div>\n\n\n\n<div class=\"wp-block-column is-layout-flow wp-block-column-is-layout-flow\">\n<p class=\"has-medium-font-size\"><strong>Warum ich das Bogenschie\u00dfen liebe<\/strong><\/p>\n\n\n\n<p>\u201eEin Leben ohne Bogen ist machbar, aber sinnlos\u201c &#8211; inspiriert von Loriot<\/p>\n\n\n\n<p>Das Bogenschie\u00dfen ist f\u00fcr mich nicht nur ein Sport, sondern eine Leidenschaft, die mein Vertrauen in meine eigenen F\u00e4higkeiten st\u00e4rkt und mein Selbstwertgef\u00fchl steigert. Es ist eine Quelle der Ruhe und Konzentration, die dem hektischen Alltag entgegenwirkt.<\/p>\n\n\n\n<p>Das Bogenschie\u00dfen erschien mir wie das fehlende Puzzlest\u00fcck in meinem Leben. Als wir in meiner Mittelaltergruppe zusammen mit einem Bogenbauer einen Primitivbogen bauten, war ich sofort fasziniert. Der n\u00e4chste logische Schritt war der Eintritt in einen Sch\u00fctzenverein in meiner N\u00e4he. Dort hatte ich das Gl\u00fcck, auf hervorragende \u201eAltmeister\u201c des Bogensports zu treffen, die mir ihr Wissen weitergaben.<\/p>\n\n\n\n<p>Es scheint, als w\u00e4re das Bogenschie\u00dfen meine Bestimmung &#8211; hier f\u00fchle ich mich einfach richtig. Schnell war klar, dass f\u00fcr mich nur ein Langbogen in Frage kommt und auf dem 3D-Parcours f\u00fchle ich mich zuhause. Die Erfolge bei verschiedenen Turnieren und Meisterschaften haben meinen Entschluss, den Bogen ins Zentrum meines Lebens zu r\u00fccken, nur best\u00e4rkt.<\/p>\n\n\n\n<p>Das intuitive Bogenschie\u00dfen ist f\u00fcr mich eine ganz besondere Klasse. Die M\u00f6glichkeit, dieses Wissen weiterzugeben, f\u00fchlt sich f\u00fcr mich wie ein Geschenk an, das ich mit Freude teile.<\/p>\n\n\n\n<p>Holger Krau\u00df<\/p>\n<\/div>\n<\/div>\n","protected":false},"excerpt":{"rendered":"<p>Warum ich das Bogenschie\u00dfen liebe \u201eEin Leben ohne Bogen ist machbar, aber sinnlos\u201c &#8211; inspiriert von Loriot Das Bogenschie\u00dfen ist f\u00fcr mich nicht nur ein Sport, sondern eine Leidenschaft, die mein Vertrauen in meine eigenen F\u00e4higkeiten st\u00e4rkt und mein Selbstwertgef\u00fchl steigert. Es ist eine Quelle der Ruhe und Konzentration, die dem hektischen Alltag entgegenwirkt. Das [&hellip;]<\/p>\n","protected":false},"author":1,"featured_media":0,"parent":0,"menu_order":0,"comment_status":"closed","ping_status":"closed","template":"","meta":{"footnotes":""},"class_list":["post-52","page","type-page","status-publish","hentry"],"blocksy_meta":[],"_links":{"self":[{"href":"https:\/\/bogenparcours-kleinwallstadt.de\/index.php?rest_route=\/wp\/v2\/pages\/52","targetHints":{"allow":["GET"]}}],"collection":[{"href":"https:\/\/bogenparcours-kleinwallstadt.de\/index.php?rest_route=\/wp\/v2\/pages"}],"about":[{"href":"https:\/\/bogenparcours-kleinwallstadt.de\/index.php?rest_route=\/wp\/v2\/types\/page"}],"author":[{"embeddable":true,"href":"https:\/\/bogenparcours-kleinwallstadt.de\/index.php?rest_route=\/wp\/v2\/users\/1"}],"replies":[{"embeddable":true,"href":"https:\/\/bogenparcours-kleinwallstadt.de\/index.php?rest_route=%2Fwp%2Fv2%2Fcomments&post=52"}],"version-history":[{"count":3,"href":"https:\/\/bogenparcours-kleinwallstadt.de\/index.php?rest_route=\/wp\/v2\/pages\/52\/revisions"}],"predecessor-version":[{"id":214,"href":"https:\/\/bogenparcours-kleinwallstadt.de\/index.php?rest_route=\/wp\/v2\/pages\/52\/revisions\/214"}],"wp:attachment":[{"href":"https:\/\/bogenparcours-kleinwallstadt.de\/index.php?rest_route=%2Fwp%2Fv2%2Fmedia&parent=52"}],"curies":[{"name":"wp","href":"https:\/\/api.w.org\/{rel}","templated":true}]}}