{"id":54,"date":"2024-04-08T18:17:09","date_gmt":"2024-04-08T18:17:09","guid":{"rendered":"https:\/\/bogenparcours-kleinwallstadt.de\/?page_id=54"},"modified":"2025-08-26T08:27:02","modified_gmt":"2025-08-26T08:27:02","slug":"anfahrt","status":"publish","type":"page","link":"https:\/\/bogenparcours-kleinwallstadt.de\/?page_id=54","title":{"rendered":"Anfahrt"},"content":{"rendered":"\n<p><\/p>\n\n\n\n<p class=\"has-large-font-size\"><strong>Oberhauserweg 3, 63839 Kleinwallstadt<\/strong><\/p>\n\n\n\n<p><\/p>\n\n\n\n<p><\/p>\n\n\n\n<h5 class=\"wp-block-heading has-palette-color-4-color has-text-color has-link-color wp-elements-35f9f546f234e7122e55682782992f87\"><a><strong>Wegbeschreibung:<\/strong><\/a><\/h5>\n\n\n\n<p>Folgen Sie in Kleinwallstadt der Beschilderung nach Hofstetten und biegen Sie kurz nach dem Bahn\u00fcbergang halblinks in die Schlo\u00dfstra\u00dfe ein und folgen dieser. Von Hofstetten und Hausen kommend biegen Sie gleich am Ortseingang Kleinwallstadts rechts in die Friedhofstra\u00dfe ein und nach ca. 300m wieder rechts in die Schlo\u00dfstra\u00dfe.<\/p>\n\n\n\n<p><strong>Parkm\u00f6glichkeiten:<\/strong><\/p>\n\n\n\n<p>Ca. 400m au\u00dferhalb des Orts steht Ihnen der Parkplatz am Birkenhof zur Verf\u00fcgung. Der Parkplatz am Sch\u00fctzenhaus ist f\u00fcr die Vereinsmitglieder reserviert.<\/p>\n\n\n\n<p>Ca. 200m weiter zu Fu\u00df Richtung Bogenparcours \/ Sch\u00fctzenhaus \/ Waldlehrpfad \/ Altes Schlo\u00df<\/p>\n\n\n\n<p>Eine Toilette vor Ort ist leider nicht vorhanden.<\/p>\n\n\n\n<p>Im Falle eines dringenden Bed\u00fcrfnisses kann in den &#8222;warmen Monaten&#8220; die Behinderten Toilette am Grillplatz benutzt werden. Den Schl\u00fcssel findet Ihr &#8222;in der roten Anmeldung&#8220;.<\/p>\n\n\n\n<p>Bei der Anreise kann eine \u00f6ffentliche Toilette im Ort benutzt werden. Diese befindet sich im Bereich einer offenen Durchgangshalle an der sogenannten \u201eZehntscheune\u201c.<\/p>\n\n\n\n<p><\/p>\n\n\n\n<figure class=\"wp-block-image size-full\"><img loading=\"lazy\" decoding=\"async\" width=\"2363\" height=\"1323\" src=\"https:\/\/bogenparcours-kleinwallstadt.de\/wp-content\/uploads\/2024\/05\/Anfahrtsskizze_Bogenparcours_Kleinwallstadt.png\" alt=\"\" class=\"wp-image-277\" srcset=\"https:\/\/bogenparcours-kleinwallstadt.de\/wp-content\/uploads\/2024\/05\/Anfahrtsskizze_Bogenparcours_Kleinwallstadt.png 2363w, https:\/\/bogenparcours-kleinwallstadt.de\/wp-content\/uploads\/2024\/05\/Anfahrtsskizze_Bogenparcours_Kleinwallstadt-300x168.png 300w, https:\/\/bogenparcours-kleinwallstadt.de\/wp-content\/uploads\/2024\/05\/Anfahrtsskizze_Bogenparcours_Kleinwallstadt-1024x573.png 1024w, https:\/\/bogenparcours-kleinwallstadt.de\/wp-content\/uploads\/2024\/05\/Anfahrtsskizze_Bogenparcours_Kleinwallstadt-768x430.png 768w, https:\/\/bogenparcours-kleinwallstadt.de\/wp-content\/uploads\/2024\/05\/Anfahrtsskizze_Bogenparcours_Kleinwallstadt-1536x860.png 1536w, https:\/\/bogenparcours-kleinwallstadt.de\/wp-content\/uploads\/2024\/05\/Anfahrtsskizze_Bogenparcours_Kleinwallstadt-2048x1147.png 2048w\" sizes=\"auto, (max-width: 2363px) 100vw, 2363px\" \/><\/figure>\n","protected":false},"excerpt":{"rendered":"<p>Oberhauserweg 3, 63839 Kleinwallstadt Wegbeschreibung: Folgen Sie in Kleinwallstadt der Beschilderung nach Hofstetten und biegen Sie kurz nach dem Bahn\u00fcbergang halblinks in die Schlo\u00dfstra\u00dfe ein und folgen dieser. Von Hofstetten und Hausen kommend biegen Sie gleich am Ortseingang Kleinwallstadts rechts in die Friedhofstra\u00dfe ein und nach ca. 300m wieder rechts in die Schlo\u00dfstra\u00dfe. Parkm\u00f6glichkeiten: Ca. [&hellip;]<\/p>\n","protected":false},"author":1,"featured_media":0,"parent":0,"menu_order":0,"comment_status":"closed","ping_status":"closed","template":"","meta":{"footnotes":""},"class_list":["post-54","page","type-page","status-publish","hentry"],"blocksy_meta":[],"_links":{"self":[{"href":"https:\/\/bogenparcours-kleinwallstadt.de\/index.php?rest_route=\/wp\/v2\/pages\/54","targetHints":{"allow":["GET"]}}],"collection":[{"href":"https:\/\/bogenparcours-kleinwallstadt.de\/index.php?rest_route=\/wp\/v2\/pages"}],"about":[{"href":"https:\/\/bogenparcours-kleinwallstadt.de\/index.php?rest_route=\/wp\/v2\/types\/page"}],"author":[{"embeddable":true,"href":"https:\/\/bogenparcours-kleinwallstadt.de\/index.php?rest_route=\/wp\/v2\/users\/1"}],"replies":[{"embeddable":true,"href":"https:\/\/bogenparcours-kleinwallstadt.de\/index.php?rest_route=%2Fwp%2Fv2%2Fcomments&post=54"}],"version-history":[{"count":15,"href":"https:\/\/bogenparcours-kleinwallstadt.de\/index.php?rest_route=\/wp\/v2\/pages\/54\/revisions"}],"predecessor-version":[{"id":783,"href":"https:\/\/bogenparcours-kleinwallstadt.de\/index.php?rest_route=\/wp\/v2\/pages\/54\/revisions\/783"}],"wp:attachment":[{"href":"https:\/\/bogenparcours-kleinwallstadt.de\/index.php?rest_route=%2Fwp%2Fv2%2Fmedia&parent=54"}],"curies":[{"name":"wp","href":"https:\/\/api.w.org\/{rel}","templated":true}]}}