{"id":58,"date":"2024-04-08T18:17:40","date_gmt":"2024-04-08T18:17:40","guid":{"rendered":"https:\/\/bogenparcours-kleinwallstadt.de\/?page_id=58"},"modified":"2024-08-20T19:35:27","modified_gmt":"2024-08-20T19:35:27","slug":"kontakt","status":"publish","type":"page","link":"https:\/\/bogenparcours-kleinwallstadt.de\/?page_id=58","title":{"rendered":"Kontakt"},"content":{"rendered":"\n<p>Wenn du Fragen rund um das Parcoursangebot hast oder einen Termin vereinbaren m\u00f6chtest, dann melde dich bei mir per E-Mail unter&nbsp;<a href=\"mailto:info@bogenparcours-kleinwallstadt.de\">info@bogenparcours-kleinwallstadt.de<\/a>&nbsp;Ich antworte dir schnellstm\u00f6glich. <\/p>\n\n\n\n<p>In dringenden F\u00e4llen kannst du mich auch unter <strong>+49172 6644008<\/strong> erreichen.<\/p>\n\n\n\n<p><\/p>\n\n\n\n<div class=\"wp-block-columns is-layout-flex wp-container-core-columns-is-layout-28f84493 wp-block-columns-is-layout-flex\">\n<div class=\"wp-block-column is-layout-flow wp-block-column-is-layout-flow\" style=\"flex-basis:100%\">\n<figure class=\"wp-block-image size-large is-resized\"><img loading=\"lazy\" decoding=\"async\" width=\"1024\" height=\"774\" src=\"https:\/\/bogenparcours-kleinwallstadt.de\/wp-content\/uploads\/2024\/07\/IMG-20240623-WA0001-1024x774.jpg\" alt=\"\" class=\"wp-image-364\" style=\"width:496px;height:auto\" srcset=\"https:\/\/bogenparcours-kleinwallstadt.de\/wp-content\/uploads\/2024\/07\/IMG-20240623-WA0001-1024x774.jpg 1024w, https:\/\/bogenparcours-kleinwallstadt.de\/wp-content\/uploads\/2024\/07\/IMG-20240623-WA0001-300x227.jpg 300w, https:\/\/bogenparcours-kleinwallstadt.de\/wp-content\/uploads\/2024\/07\/IMG-20240623-WA0001-768x581.jpg 768w, https:\/\/bogenparcours-kleinwallstadt.de\/wp-content\/uploads\/2024\/07\/IMG-20240623-WA0001-1536x1162.jpg 1536w, https:\/\/bogenparcours-kleinwallstadt.de\/wp-content\/uploads\/2024\/07\/IMG-20240623-WA0001.jpg 1600w\" sizes=\"auto, (max-width: 1024px) 100vw, 1024px\" \/><\/figure>\n<\/div>\n<\/div>\n\n\n\n<div class=\"wp-block-group is-nowrap is-layout-flex wp-container-core-group-is-layout-6c531013 wp-block-group-is-layout-flex\">\n<p class=\"has-large-font-size\">Ich freue mich darauf von dir zu h\u00f6ren!<\/p>\n<\/div>\n","protected":false},"excerpt":{"rendered":"<p>Wenn du Fragen rund um das Parcoursangebot hast oder einen Termin vereinbaren m\u00f6chtest, dann melde dich bei mir per E-Mail unter&nbsp;info@bogenparcours-kleinwallstadt.de&nbsp;Ich antworte dir schnellstm\u00f6glich. In dringenden F\u00e4llen kannst du mich auch unter +49172 6644008 erreichen. Ich freue mich darauf von dir zu h\u00f6ren!<\/p>\n","protected":false},"author":1,"featured_media":0,"parent":0,"menu_order":0,"comment_status":"closed","ping_status":"closed","template":"","meta":{"footnotes":""},"class_list":["post-58","page","type-page","status-publish","hentry"],"blocksy_meta":[],"_links":{"self":[{"href":"https:\/\/bogenparcours-kleinwallstadt.de\/index.php?rest_route=\/wp\/v2\/pages\/58","targetHints":{"allow":["GET"]}}],"collection":[{"href":"https:\/\/bogenparcours-kleinwallstadt.de\/index.php?rest_route=\/wp\/v2\/pages"}],"about":[{"href":"https:\/\/bogenparcours-kleinwallstadt.de\/index.php?rest_route=\/wp\/v2\/types\/page"}],"author":[{"embeddable":true,"href":"https:\/\/bogenparcours-kleinwallstadt.de\/index.php?rest_route=\/wp\/v2\/users\/1"}],"replies":[{"embeddable":true,"href":"https:\/\/bogenparcours-kleinwallstadt.de\/index.php?rest_route=%2Fwp%2Fv2%2Fcomments&post=58"}],"version-history":[{"count":14,"href":"https:\/\/bogenparcours-kleinwallstadt.de\/index.php?rest_route=\/wp\/v2\/pages\/58\/revisions"}],"predecessor-version":[{"id":377,"href":"https:\/\/bogenparcours-kleinwallstadt.de\/index.php?rest_route=\/wp\/v2\/pages\/58\/revisions\/377"}],"wp:attachment":[{"href":"https:\/\/bogenparcours-kleinwallstadt.de\/index.php?rest_route=%2Fwp%2Fv2%2Fmedia&parent=58"}],"curies":[{"name":"wp","href":"https:\/\/api.w.org\/{rel}","templated":true}]}}