{"id":96,"date":"2024-04-08T19:26:10","date_gmt":"2024-04-08T19:26:10","guid":{"rendered":"https:\/\/bogenparcours-kleinwallstadt.de\/?page_id=96"},"modified":"2025-11-05T07:51:59","modified_gmt":"2025-11-05T07:51:59","slug":"nutzungsbedingungen","status":"publish","type":"page","link":"https:\/\/bogenparcours-kleinwallstadt.de\/?page_id=96","title":{"rendered":"Nutzungsbedingungen"},"content":{"rendered":"\n<p>Hier gibt es umfassende Informationen zum Thema Sicherheit beim Bogensport:<\/p>\n\n\n\n<p><blockquote class=\"wp-embedded-content\" data-secret=\"vqkL8XfIPW\"><a href=\"https:\/\/bogenmensch.at\/sicherheitsschulung\">Sicherheitsschulung<\/a><\/blockquote><iframe loading=\"lazy\" class=\"wp-embedded-content\" sandbox=\"allow-scripts\" security=\"restricted\" style=\"position: absolute; visibility: hidden;\" title=\"&#8222;Sicherheitsschulung&#8220; &#8212; bogenmensch.at\" src=\"https:\/\/bogenmensch.at\/sicherheitsschulung\/embed#?secret=jRkahKXhpR#?secret=vqkL8XfIPW\" data-secret=\"vqkL8XfIPW\" width=\"600\" height=\"338\" frameborder=\"0\" marginwidth=\"0\" marginheight=\"0\" scrolling=\"no\"><\/iframe><\/p>\n\n\n\n<p><\/p>\n\n\n\n<p class=\"has-large-font-size\"><strong>Nutzungsbedingungen f\u00fcr den Bogenparcours<\/strong><\/p>\n\n\n\n<p>Willkommen auf unserem Bogenparcours! Damit alle Besucher ein sicheres und angenehmes Erlebnis haben, bitten wir um die Einhaltung folgender Regeln und Hinweise:<\/p>\n\n\n\n<p>1. Auf dem Bogenparcours ist ausschlie\u00dflich das Schie\u00dfen mit B\u00f6gen gestattet. Zugelassen sind alle Bogenklassen, jedoch nur Pfeile mit Feld- oder Scheibenspitzen, die sich in einwandfreiem Zustand befinden.<\/p>\n\n\n\n<p>2. Das Schie\u00dfen mit Armbr\u00fcsten oder die Verwendung anderer Sportger\u00e4te oder Waffen ist untersagt.<\/p>\n\n\n\n<p>3. Der Parcours ist t\u00e4glich ge\u00f6ffnet, die genauen \u00d6ffnungszeiten variieren je nach Monat. Bitte informieren Sie sich an der Anmeldung oder auf unserer Webseite \u00fcber die aktuellen \u00d6ffnungszeiten.<\/p>\n\n\n\n<p>4. Jeder erwachsene Besucher muss vor Beginn des Parcoursgangs ein eigenes Anmeldeformular vollst\u00e4ndig ausf\u00fcllen und das entsprechende Tagesentgelt in ein Kuvert stecken. Dieses Kuvert ist dann in den Briefschlitz an der Anmeldung einzuwerfen. Kinder und Jugendliche sind auf dem Anmeldeformular des erwachsenen Begleiters einzutragen. Au\u00dferdem ist jeder Sch\u00fctze verpflichtet, sich in das Schie\u00dfbuch einzutragen und beim Verlassen des Parcours wieder auszutragen.<\/p>\n\n\n\n<p>5. Minderj\u00e4hrige d\u00fcrfen den Parcours nur in Begleitung eines Erziehungsberechtigten oder einer autorisierten Person betreten. Jeder vollj\u00e4hrige Besucher muss \u00fcber eine private Haftpflichtversicherung verf\u00fcgen, die die Risiken des Bogenschie\u00dfens abdeckt.<\/p>\n\n\n\n<p>6. Der Parcours verl\u00e4uft gr\u00f6\u00dftenteils auf unbefestigten Wegen im Wald und auf Wiesen, die bei schlechter Witterung rutschig sein k\u00f6nnen. Festes Schuhwerk ist daher dringend erforderlich. Bitte beachten Sie, dass nicht alle Wege gesichert sind und der Betreiber keine Haftung auf dem Parcours \u00fcbernimmt.<\/p>\n\n\n\n<p>7. Es darf nur auf die von uns aufgestellten 3D-Ziele und nur aus Richtung der entsprechenden Abschusspfl\u00f6cke geschossen werden. Pro Station sind maximal 2 Treffer erlaubt. Vor einem Schuss m\u00fcssen sich alle Sch\u00fctzen vergewissern, dass sich keine Spazierg\u00e4nger, Wanderer, Mountainbiker oder Tiere im Gefahrenbereich aufhalten.<\/p>\n\n\n\n<p>8. Der Laufweg durch den Parcours ist mit orangefarbenen Pfeilen gekennzeichnet. Bitte halten Sie sich stets an die Laufrichtung und verlassen Sie aus Sicherheitsgr\u00fcnden nicht die vorgegebenen Wege. Das Abk\u00fcrzen zwischen zwei Zielen ist untersagt.<\/p>\n\n\n\n<p>9. Rauchen auf dem gesamten Parcoursgel\u00e4nde ist nicht gestattet. Hunde m\u00fcssen immer an der Leine gef\u00fchrt werden. Das Tragen von Kleidung mit Tarnmustern wie Camouflage oder Flecktarn ist nicht erlaubt. Bitte nehmen Sie Ihren M\u00fcll, insbesondere Pfeilbruch, wieder mit und lassen Sie ihn nicht auf dem Parcours liegen. Fundpfeile sind Fremdeigentum und m\u00fcssen an der Anmeldung abgegeben werden.<\/p>\n\n\n\n<p>10. Jeder Versto\u00df gegen diese Nutzungsbedingungen kann einen sofortigen Verweis vom Parcours zur Folge haben. Bitte folgen Sie allen Anweisungen des Parcoursbetreibers und der Mitwirkenden uneingeschr\u00e4nkt.<\/p>\n\n\n\n<p>Vielen Dank f\u00fcr Ihr Verst\u00e4ndnis und Ihre Kooperation! Wir w\u00fcnschen allen Besuchern viel Freude und Erfolg beim Bogenschie\u00dfen auf unserem Parcours.<\/p>\n\n\n\n<p><\/p>\n","protected":false},"excerpt":{"rendered":"<p>Hier gibt es umfassende Informationen zum Thema Sicherheit beim Bogensport: Sicherheitsschulung Nutzungsbedingungen f\u00fcr den Bogenparcours Willkommen auf unserem Bogenparcours! Damit alle Besucher ein sicheres und angenehmes Erlebnis haben, bitten wir um die Einhaltung folgender Regeln und Hinweise: 1. Auf dem Bogenparcours ist ausschlie\u00dflich das Schie\u00dfen mit B\u00f6gen gestattet. Zugelassen sind alle Bogenklassen, jedoch nur Pfeile [&hellip;]<\/p>\n","protected":false},"author":1,"featured_media":0,"parent":0,"menu_order":0,"comment_status":"closed","ping_status":"closed","template":"","meta":{"footnotes":""},"class_list":["post-96","page","type-page","status-publish","hentry"],"blocksy_meta":[],"_links":{"self":[{"href":"https:\/\/bogenparcours-kleinwallstadt.de\/index.php?rest_route=\/wp\/v2\/pages\/96","targetHints":{"allow":["GET"]}}],"collection":[{"href":"https:\/\/bogenparcours-kleinwallstadt.de\/index.php?rest_route=\/wp\/v2\/pages"}],"about":[{"href":"https:\/\/bogenparcours-kleinwallstadt.de\/index.php?rest_route=\/wp\/v2\/types\/page"}],"author":[{"embeddable":true,"href":"https:\/\/bogenparcours-kleinwallstadt.de\/index.php?rest_route=\/wp\/v2\/users\/1"}],"replies":[{"embeddable":true,"href":"https:\/\/bogenparcours-kleinwallstadt.de\/index.php?rest_route=%2Fwp%2Fv2%2Fcomments&post=96"}],"version-history":[{"count":5,"href":"https:\/\/bogenparcours-kleinwallstadt.de\/index.php?rest_route=\/wp\/v2\/pages\/96\/revisions"}],"predecessor-version":[{"id":1081,"href":"https:\/\/bogenparcours-kleinwallstadt.de\/index.php?rest_route=\/wp\/v2\/pages\/96\/revisions\/1081"}],"wp:attachment":[{"href":"https:\/\/bogenparcours-kleinwallstadt.de\/index.php?rest_route=%2Fwp%2Fv2%2Fmedia&parent=96"}],"curies":[{"name":"wp","href":"https:\/\/api.w.org\/{rel}","templated":true}]}}